{"id":784,"date":"2019-02-27T05:27:36","date_gmt":"2019-02-27T05:27:36","guid":{"rendered":"https:\/\/test.micodigopromocional.com\/?page_id=784"},"modified":"2022-04-19T09:11:17","modified_gmt":"2022-04-19T12:11:17","slug":"cookies","status":"publish","type":"page","link":"https:\/\/staging.micodigopromocional.com\/ar\/cookies\/","title":{"rendered":"Cookies"},"content":{"rendered":"<p>La presente pol\u00edtica de cookies forma parte de la pol\u00edtica de privacidad que se encuentra publicada en el sitio web y que puedes encontrar <a href=\"\/ar\/privacidad\/\">aqu\u00ed<\/a><strong>.<\/strong><\/p>\n<p>1. <strong>Informaci\u00f3n general: <\/strong>Se denomina <em>cookie<\/em> a cualquier archivo que se instala o descarga en los terminales del usuario (ordenador, port\u00e1til, smartphone, tablet, etc.) que tengan la finalidad de almacenar datos que podr\u00e1n ser almacenados y recuperados por el responsable de su instalaci\u00f3n. Esos archivos o dispositivos permiten el almacenamiento en el terminal del usuario de cantidades de datos que van de unos pocos kilobytes a varios Megabytes.<\/p>\n<p>A continuaci\u00f3n, se realiza una clasificaci\u00f3n de las cookies en funci\u00f3n de una serie de categor\u00edas. No obstante es necesario tener en cuenta que una misma cookie puede estar incluida en m\u00e1s de una categor\u00eda:<\/p>\n<p>1. a.<strong> Tipos de cookies seg\u00fan la entidad que las gestione:<\/strong> Seg\u00fan quien sea la entidad que gestione el equipo o dominio desde donde se env\u00edan las cookies y trate los datos que se obtengan, podemos distinguir:<\/p>\n<p><strong>&#8211; Cookies propias o de primera parte:<\/strong> Son aquellas que se env\u00edan al equipo terminal del usuario desde un equipo o dominio gestionado por el propio editor y desde el que se presta el servicio solicitado por el usuario.<\/p>\n<p><strong>&#8211; Cookies de tercero:<\/strong> Son aqu\u00e9llas que se env\u00edan al equipo terminal del usuario desde un equipo o dominio que no es gestionado por el editor, sino por otra entidad que trata los datos obtenidos trav\u00e9s de las cookies. En el caso de que las cookies sean instaladas desde un equipo o dominio gestionado por el propio editor pero la informaci\u00f3n que se recoja mediante \u00e9stas sea gestionada por un tercero, no pueden ser consideradas como cookies propias.<\/p>\n<p>1. b. <strong>Tipos de cookies seg\u00fan el plazo de tiempo que permanecen activadas:<\/strong><\/p>\n<p>Seg\u00fan el plazo de tiempo que permanecen activadas en el equipo terminal podemos distinguir:<\/p>\n<p><strong>&#8211; Cookies de sesi\u00f3n:<\/strong> Son un tipo de cookies dise\u00f1adas para recabar y almacenar datos mientras el usuario accede a una p\u00e1gina web. Se suelen emplear para almacenar informaci\u00f3n que solo interesa conservar para la prestaci\u00f3n del servicio solicitado por el usuario en una sola ocasi\u00f3n (por ejemplo: una lista de productos adquiridos).<\/p>\n<p><strong>&#8211; Cookies persistentes:<\/strong> Son un tipo de cookies en el que los datos siguen almacenados en el terminal y pueden ser accedidos y tratados durante un periodo definido por el responsable de la cookie, y que puede ir de unos minutos a varios a\u00f1os.<\/p>\n<p>1. c.<strong> Tipos de cookies seg\u00fan su finalidad:<\/strong><\/p>\n<p><strong>&#8211; Cookies t\u00e9cnicas: <\/strong>Son aqu\u00e9llas que permiten al usuario la navegaci\u00f3n a trav\u00e9s de una p\u00e1gina web, plataforma o aplicaci\u00f3n y la utilizaci\u00f3n de las diferentes opciones o servicios que en ella existan como, por ejemplo, controlar el tr\u00e1fico y la comunicaci\u00f3n de datos, identificar la sesi\u00f3n, acceder a partes de acceso restringido, recordar los elementos que integran un pedido, realizar el proceso de compra de un pedido, realizar la solicitud de inscripci\u00f3n o participaci\u00f3n en un evento, utilizar elementos de seguridad durante la navegaci\u00f3n, almacenar contenidos para la difusi\u00f3n de v\u00eddeos o sonido o compartir contenidos a trav\u00e9s de redes sociales.<\/p>\n<p><strong>&#8211; Cookies de personalizaci\u00f3n:<\/strong> Son aqu\u00e9llas que permiten al usuario acceder al servicio con algunas caracter\u00edsticas de car\u00e1cter general predefinidas en funci\u00f3n de una serie de criterios en el terminal del usuario como por ejemplo serian el idioma, el tipo de navegador a trav\u00e9s del cual accede al servicio, la configuraci\u00f3n regional desde donde accede al servicio, etc.<\/p>\n<p><strong>&#8211; Cookies de an\u00e1lisis (o anal\u00edticas):<\/strong> Son aqu\u00e9llas que permiten al responsable de las mismas, el seguimiento y an\u00e1lisis del comportamiento de los usuarios de los sitios web a los que est\u00e1n vinculadas. La informaci\u00f3n recogida mediante este tipo de cookies se utiliza en la medici\u00f3n de la actividad de los sitios web, aplicaci\u00f3n o plataforma y para la elaboraci\u00f3n de perfiles de navegaci\u00f3n de los usuarios de dichos sitios, aplicaciones y plataformas, con el fin de introducir mejoras en funci\u00f3n del an\u00e1lisis de los datos de uso que hacen los usuarios del servicio.<\/p>\n<p><strong>&#8211; Cookies publicitarias:<\/strong> Son aqu\u00e9llas que permiten la gesti\u00f3n, de la forma m\u00e1s eficaz posible, de los espacios publicitarios que, en su caso, el editor haya incluido en una p\u00e1gina web, aplicaci\u00f3n o plataforma desde la que presta el servicio solicitado en base a criterios como el contenido editado o la frecuencia en la que se muestran los anuncios.<\/p>\n<p><strong>&#8211; Cookies de publicidad comportamental:<\/strong> Son aqu\u00e9llas que permiten la gesti\u00f3n, de la forma m\u00e1s eficaz posible, de los espacios publicitarios que, en su caso, el editor haya incluido en una p\u00e1gina web, aplicaci\u00f3n o plataforma desde la que presta el servicio solicitado. Estas cookies almacenan informaci\u00f3n del comportamiento de los usuarios obtenida a trav\u00e9s de la observaci\u00f3n continuada de sus h\u00e1bitos de navegaci\u00f3n, lo que permite desarrollar un perfil espec\u00edfico para mostrar publicidad en funci\u00f3n del mismo<\/p>\n<p>En este <a href=\"http:\/\/www.agpd.es\/portalwebAGPD\/canaldocumentacion\/publicaciones\/common\/Guias\/Guia_Cookies.pdf\" target=\"_blank\" rel=\"noopener\">link<\/a> se puede acceder a la gu\u00eda de cookies editada por la Agencia Espa\u00f1ola de Protecci\u00f3n de Datos.<\/p>\n<p>2.<strong> Cookies que utiliza Mi C\u00f3digo Promocional: <\/strong>MI C\u00d3DIGO PROMOCIONAL utiliza diversos tipos de cookies:<\/p>\n<p>2. a. <strong>Cookies propias o de primera parte <\/strong>(enviadas al equipo terminal del usuario desde el dominio gestionado por MI C\u00d3DIGO PROMOCIONAL): cookies t\u00e9cnicas y de seguridad, cuyo uso no exige la norma que sea advertido.<\/p>\n<p>2. b. <strong>Cookies de terceros<\/strong> (aqu\u00e9llas que se env\u00edan al equipo terminal del usuario desde un equipo o dominio que no es gestionado por MI C\u00d3DIGO PROMOCIONAL):<\/p>\n<p>2. c.<strong> De Google Analytics &#8211; Cookies Anal\u00edticas:<\/strong> Permiten realizar un seguimiento del comportamiento de los usuarios en el Sitio Web, pero de una manera totalmente an\u00f3nima. Esa informaci\u00f3n sirve para la medici\u00f3n de la actividad de los sitios web, y para la elaboraci\u00f3n de perfiles de navegaci\u00f3n de los usuarios de nuestra web, con el fin de introducir mejoras en funci\u00f3n del an\u00e1lisis de esos datos. En el siguiente enlace se puede encontrar m\u00e1s informaci\u00f3n sobre el uso que Google realiza de las cookies de Google Analytics:<\/p>\n<p><a href=\"https:\/\/developers.google.com\/analytics\/devguides\/collection\/analyticsjs\/cookie-usage?hl=es&amp;csw=1\" target=\"_blank\" rel=\"noopener\">https:\/\/developers.google.com\/analytics\/devguides\/collection\/analyticsjs\/cookie-usage?hl=es&amp;csw=1<\/a><\/p>\n<p>2. d.<strong> De DoubleClick by Google &#8211; Cookies Publicitarias de Google:<\/strong> Cookies del servidor de anuncios que se utilizan para el seguimiento de conversiones y optimizaci\u00f3n del tr\u00e1fico. En el siguiente enlace se puede encontrar m\u00e1s informaci\u00f3n sobre el uso que Google realiza de las cookies de DoubleClick:<\/p>\n<p><a href=\"https:\/\/support.google.com\/adsense\/answer\/2839090?hl=es\" target=\"_blank\" rel=\"noopener\">https:\/\/support.google.com\/adsense\/answer\/2839090?hl=es<\/a><\/p>\n<p>2. e.<strong> De plugins sociales &#8211; Cookies anal\u00edticas <\/strong>(Facebook, YouTube, Twitter, LinkedIn, Instagram, Google+, etc.) que realizan seguimiento de la actividad de los usuarios de la Web.<\/p>\n<p>2. f.<strong> De redes sociales &#8211; Cookies de redes sociales externas:<\/strong> que se utilizan para que los visitantes puedan interactuar con el contenido de diferentes plataformas sociales (Facebook, YouTube, Twitter, LinkedIn, Instagram, etc.) y que se generan \u00fanicamente para los usuarios de dichas redes sociales. Las condiciones de utilizaci\u00f3n de estas cookies y la informaci\u00f3n recopilada se regulan por la pol\u00edtica de privacidad de la plataforma social correspondiente.<\/p>\n<p>M\u00e1s informaci\u00f3n:<\/p>\n<p><a href=\"https:\/\/www.facebook.com\/help\/cookies\/\" target=\"_blank\" rel=\"noopener\">https:\/\/www.facebook.com\/help\/cookies\/<\/a><\/p>\n<p><a href=\"https:\/\/www.google.com\/intl\/es_es\/policies\/technologies\/types\/\" target=\"_blank\" rel=\"noopener\">https:\/\/www.google.com\/intl\/es_es\/policies\/technologies\/types\/<\/a><\/p>\n<p><a href=\"https:\/\/support.twitter.com\/articles\/20170521-el-uso-que-hace-twitter-de-cookies-y-tecnologias-similares\" target=\"_blank\" rel=\"noopener\">https:\/\/support.twitter.com\/articles\/20170521-el-uso-que-hace-twitter-de-cookies-y-tecnologias-similares#<\/a><\/p>\n<p><a href=\"https:\/\/www.instagram.com\/legal\/cookies\/\" target=\"_blank\" rel=\"noopener\">https:\/\/www.instagram.com\/legal\/cookies\/<\/a><\/p>\n<p><a href=\"https:\/\/about.pinterest.com\/es\/cookies-pinterest\" target=\"_blank\" rel=\"noopener\">https:\/\/about.pinterest.com\/es\/cookies-pinterest<\/a><\/p>\n<p>2. g.<strong> De programas de afiliados: <\/strong>Es un programa de publicidad para afiliados dise\u00f1ado para ofrecer a sitios web un modo de obtener comisiones por publicidad, publicitando e incluyendo enlaces a determinadas p\u00e1ginas web. Cuando el usuario pincha sobre los enlaces calificados, se instala una cookie de afiliaci\u00f3n en el dispositivo del usuario, para que el anunciante pueda identificar que el usuario ha entrado en su web a trav\u00e9s del enlace calificado que se ha puesto en el Sitio Web del afiliado, en este caso MI C\u00d3DIGO PROMOCIONAL.<\/p>\n<p>3. <strong>Informaci\u00f3n sobre c\u00f3mo bloquear o desactivar las cookies: <\/strong>El usuario podr\u00e1 -en cualquier momento- gestionar el uso de cookies a trav\u00e9s del navegador instalado en su terminal. En los enlaces siguientes puede encontrarse informaci\u00f3n sobre qu\u00e9 cookies tiene el usuario instaladas en su navegador, permitir su instalaci\u00f3n, bloquearlas o eliminarlas de su equipo:<\/p>\n<p>Chrome, desde: <a href=\"http:\/\/support.google.com\/chrome\/bin\/answer.py?hl=es&amp;answer=95647\" target=\"_blank\" rel=\"noopener\">http:\/\/support.google.com\/chrome\/bin\/answer.py?hl=es&amp;answer=95647<\/a><\/p>\n<p>Explorer, desde:\u00a0 <a href=\"http:\/\/windows.microsoft.com\/es-es\/windows7\/how-to-manage-cookies-in-internet-explorer-9\" target=\"_blank\" rel=\"noopener\">http:\/\/windows.microsoft.com\/es-es\/windows7\/how-to-manage-cookies-in-internet-explorer-9<\/a><\/p>\n<p>Firefox, desde: <a href=\"http:\/\/support.mozilla.org\/es\/kb\/habilitar-y-deshabilitar-cookies-que-los-sitios-we\" target=\"_blank\" rel=\"noopener\">http:\/\/support.mozilla.org\/es\/kb\/habilitar-y-deshabilitar-cookies-que-los-sitios-we<\/a><\/p>\n<p>Safari, desde: <a href=\"http:\/\/support.apple.com\/kb\/ph5042\" target=\"_blank\" rel=\"noopener\">http:\/\/support.apple.com\/kb\/ph5042<\/a><\/p>\n<p>Opera, desde: <a href=\"http:\/\/help.opera.com\/Windows\/11.50\/es-ES\/cookies.html\" target=\"_blank\" rel=\"noopener\">http:\/\/help.opera.com\/Windows\/11.50\/es-ES\/cookies.html<\/a><\/p>\n<p>Existen herramientas de terceros, disponibles online, que permiten a los usuarios detectar las cookies en cada sitio web que visita y gestionar su desactivaci\u00f3n.<\/p>\n<p>Los navegadores web son las herramientas encargadas de almacenar las cookies y desde este lugar el usuario puede ejercitar su derecho a eliminaci\u00f3n o desactivaci\u00f3n de las mismas. Ni esta web ni sus representantes legales pueden garantizar la correcta o incorrecta manipulaci\u00f3n de las cookies por parte de los mencionados navegadores.<\/p>\n<p>En algunos casos es necesario instalar cookies para que el navegador no olvide la decisi\u00f3n del usuario de no aceptaci\u00f3n de las mismas.<\/p>\n<p>La aceptaci\u00f3n de la presente pol\u00edtica de cookies implica que el usuario ha sido informado de una forma clara y completa sobre el uso de archivos y\/o dispositivos de almacenamiento y recuperaci\u00f3n de datos (cookies) as\u00ed como que MI C\u00d3DIGO PROMOCIONAL dispone del consentimiento del usuario para el uso de los mismos conforme a lo establecido por el art\u00edculo 22 de la Ley 34\/2002, de 11 de julio, de Servicios de la Sociedad de la Informaci\u00f3n y Comercio Electr\u00f3nico (LSSI-CE).<\/p>\n<p>Para cualquier duda o consulta acerca de esta pol\u00edtica de cookies el usuario puede comunicarse con MI C\u00d3DIGO PROMOCIONAL a trav\u00e9s de la siguiente direcci\u00f3n de correo electr\u00f3nico: <em>contacto @ micodigopromocional.com<\/em>.<\/p>\n","protected":false},"excerpt":{"rendered":"<p>La presente pol\u00edtica de cookies forma parte de la pol\u00edtica de privacidad que se encuentra publicada en el sitio web y que puedes encontrar aqu\u00ed. 1. Informaci\u00f3n general: Se denomina cookie a cualquier archivo que se instala o descarga en los terminales del usuario (ordenador, port\u00e1til, smartphone, tablet, etc.) que tengan la finalidad de almacenar datos que podr\u00e1n ser almacenados y recuperados por el responsable de su instalaci\u00f3n. Esos archivos o dispositivos permiten el almacenamiento en el terminal del usuario de cantidades de datos que van de unos pocos kilobytes a varios Megabytes. A continuaci\u00f3n, se realiza una clasificaci\u00f3n de <\/p>\n","protected":false},"author":1,"featured_media":0,"parent":0,"menu_order":0,"comment_status":"closed","ping_status":"closed","template":"","meta":{"_acf_changed":false,"footnotes":""},"class_list":["post-784","page","type-page","status-publish"],"acf":[],"_links":{"self":[{"href":"https:\/\/staging.micodigopromocional.com\/ar\/wp-json\/wp\/v2\/pages\/784","targetHints":{"allow":["GET"]}}],"collection":[{"href":"https:\/\/staging.micodigopromocional.com\/ar\/wp-json\/wp\/v2\/pages"}],"about":[{"href":"https:\/\/staging.micodigopromocional.com\/ar\/wp-json\/wp\/v2\/types\/page"}],"author":[{"embeddable":true,"href":"https:\/\/staging.micodigopromocional.com\/ar\/wp-json\/wp\/v2\/users\/1"}],"replies":[{"embeddable":true,"href":"https:\/\/staging.micodigopromocional.com\/ar\/wp-json\/wp\/v2\/comments?post=784"}],"version-history":[{"count":5,"href":"https:\/\/staging.micodigopromocional.com\/ar\/wp-json\/wp\/v2\/pages\/784\/revisions"}],"predecessor-version":[{"id":1241,"href":"https:\/\/staging.micodigopromocional.com\/ar\/wp-json\/wp\/v2\/pages\/784\/revisions\/1241"}],"wp:attachment":[{"href":"https:\/\/staging.micodigopromocional.com\/ar\/wp-json\/wp\/v2\/media?parent=784"}],"curies":[{"name":"wp","href":"https:\/\/api.w.org\/{rel}","templated":true}]}}